{"id":6206,"date":"2023-11-08T13:18:18","date_gmt":"2023-11-08T12:18:18","guid":{"rendered":"https:\/\/www.ludewig.team\/?page_id=6206"},"modified":"2024-01-22T13:03:53","modified_gmt":"2024-01-22T12:03:53","slug":"kurs-promotion-was-dann","status":"publish","type":"page","link":"https:\/\/www.ludewig.team\/en\/lernprogramm\/kurs-promotion-was-dann\/","title":{"rendered":"Kurs: Promotion &#8211; was dann?"},"content":{"rendered":"<div data-elementor-type=\"wp-page\" data-elementor-id=\"6206\" class=\"elementor elementor-6206\" data-elementor-post-type=\"page\">\n\t\t\t\t\t\t<section class=\"elementor-section elementor-top-section elementor-element elementor-element-72d77dd elementor-section-boxed elementor-section-height-default elementor-section-height-default\" data-id=\"72d77dd\" data-element_type=\"section\" data-e-type=\"section\" data-settings=\"{&quot;jet_parallax_layout_list&quot;:[],&quot;background_background&quot;:&quot;classic&quot;}\">\n\t\t\t\t\t\t<div class=\"elementor-container elementor-column-gap-default\">\n\t\t\t\t\t<div class=\"elementor-column elementor-col-50 elementor-top-column elementor-element elementor-element-dfb71b5\" data-id=\"dfb71b5\" data-element_type=\"column\" data-e-type=\"column\">\n\t\t\t<div class=\"elementor-widget-wrap elementor-element-populated\">\n\t\t\t\t\t\t<div class=\"elementor-element elementor-element-3cb8780 elementor-widget elementor-widget-spacer\" data-id=\"3cb8780\" data-element_type=\"widget\" data-e-type=\"widget\" data-widget_type=\"spacer.default\">\n\t\t\t\t<div class=\"elementor-widget-container\">\n\t\t\t\t\t\t\t<div class=\"elementor-spacer\">\n\t\t\t<div class=\"elementor-spacer-inner\"><\/div>\n\t\t<\/div>\n\t\t\t\t\t\t<\/div>\n\t\t\t\t<\/div>\n\t\t\t\t<div class=\"elementor-element elementor-element-74164ed elementor-widget elementor-widget-heading\" data-id=\"74164ed\" data-element_type=\"widget\" data-e-type=\"widget\" data-widget_type=\"heading.default\">\n\t\t\t\t<div class=\"elementor-widget-container\">\n\t\t\t\t\t<h2 class=\"elementor-heading-title elementor-size-default\">Promotion - was dann?<\/h2>\t\t\t\t<\/div>\n\t\t\t\t<\/div>\n\t\t\t\t<div class=\"elementor-element elementor-element-d893437 elementor-widget elementor-widget-spacer\" data-id=\"d893437\" data-element_type=\"widget\" data-e-type=\"widget\" data-widget_type=\"spacer.default\">\n\t\t\t\t<div class=\"elementor-widget-container\">\n\t\t\t\t\t\t\t<div class=\"elementor-spacer\">\n\t\t\t<div class=\"elementor-spacer-inner\"><\/div>\n\t\t<\/div>\n\t\t\t\t\t\t<\/div>\n\t\t\t\t<\/div>\n\t\t\t\t\t<\/div>\n\t\t<\/div>\n\t\t\t\t<div class=\"elementor-column elementor-col-50 elementor-top-column elementor-element elementor-element-ea1b3a3\" data-id=\"ea1b3a3\" data-element_type=\"column\" data-e-type=\"column\">\n\t\t\t<div class=\"elementor-widget-wrap\">\n\t\t\t\t\t\t\t<\/div>\n\t\t<\/div>\n\t\t\t\t\t<\/div>\n\t\t<\/section>\n\t\t\t\t<section class=\"elementor-section elementor-top-section elementor-element elementor-element-70372dcf elementor-section-boxed elementor-section-height-default elementor-section-height-default\" data-id=\"70372dcf\" data-element_type=\"section\" data-e-type=\"section\" data-settings=\"{&quot;jet_parallax_layout_list&quot;:[]}\">\n\t\t\t\t\t\t<div class=\"elementor-container elementor-column-gap-default\">\n\t\t\t\t\t<div class=\"elementor-column elementor-col-100 elementor-top-column elementor-element elementor-element-2e195f3\" data-id=\"2e195f3\" data-element_type=\"column\" data-e-type=\"column\">\n\t\t\t<div class=\"elementor-widget-wrap elementor-element-populated\">\n\t\t\t\t\t\t<div class=\"elementor-element elementor-element-7b8207da elementor-widget elementor-widget-text-editor\" data-id=\"7b8207da\" data-element_type=\"widget\" data-e-type=\"widget\" data-widget_type=\"text-editor.default\">\n\t\t\t\t<div class=\"elementor-widget-container\">\n\t\t\t\t\t\t\t\t\t<p>Wo f\u00fchrt Sie Ihr Weg hin? Als Post-Doc, Promovierte*r oder Doktorand*in in der letzten Etappe Ihrer Promotion, stellt sich oft die Frage \u201eShould I stay or should I go?\u201c. Dieser Kurs unterst\u00fctzt Sie dabei n\u00e4chste Schritte im beruflichen Werdegang konkret zu machen.<\/p><p>Wie wir dabei vorgehen?<\/p><ul><li>Raum schaffen, um sich \u00fcber das \u201eUnsagbare\u201c, die Wissenschaft (nach der Promotion) zu verlassen, auszutauschen.<\/li><li>Sie setzen sich eigene Ziele und wir starten mit Ihren Bed\u00fcrfnissen &amp; Interessen.<\/li><li>Wir sind ergebnisoffen: Es kann der Ausstieg aus der Wissenschaft sein oder der strategische Ausbau Ihrer wissenschaftlichen Laufbahn.<\/li><\/ul>\t\t\t\t\t\t\t\t<\/div>\n\t\t\t\t<\/div>\n\t\t\t\t<div class=\"elementor-element elementor-element-794a72be elementor-widget elementor-widget-spacer\" data-id=\"794a72be\" data-element_type=\"widget\" data-e-type=\"widget\" data-widget_type=\"spacer.default\">\n\t\t\t\t<div class=\"elementor-widget-container\">\n\t\t\t\t\t\t\t<div class=\"elementor-spacer\">\n\t\t\t<div class=\"elementor-spacer-inner\"><\/div>\n\t\t<\/div>\n\t\t\t\t\t\t<\/div>\n\t\t\t\t<\/div>\n\t\t\t\t<div class=\"elementor-element elementor-element-797e4181 elementor-align-center elementor-widget elementor-widget-button\" data-id=\"797e4181\" data-element_type=\"widget\" data-e-type=\"widget\" data-widget_type=\"button.default\">\n\t\t\t\t<div class=\"elementor-widget-container\">\n\t\t\t\t\t\t\t\t\t<div class=\"elementor-button-wrapper\">\n\t\t\t\t\t<a class=\"elementor-button elementor-button-link elementor-size-sm\" href=\"https:\/\/www.ludewig.team\/en\/login\/\">\n\t\t\t\t\t\t<span class=\"elementor-button-content-wrapper\">\n\t\t\t\t\t\t\t\t\t<span class=\"elementor-button-text\">Zur Lernplattform &gt;&gt;<\/span>\n\t\t\t\t\t<\/span>\n\t\t\t\t\t<\/a>\n\t\t\t\t<\/div>\n\t\t\t\t\t\t\t\t<\/div>\n\t\t\t\t<\/div>\n\t\t\t\t\t<\/div>\n\t\t<\/div>\n\t\t\t\t\t<\/div>\n\t\t<\/section>\n\t\t\t\t<section class=\"elementor-section elementor-top-section elementor-element elementor-element-2a43757a elementor-section-boxed elementor-section-height-default elementor-section-height-default\" data-id=\"2a43757a\" data-element_type=\"section\" data-e-type=\"section\" data-settings=\"{&quot;jet_parallax_layout_list&quot;:[],&quot;background_background&quot;:&quot;classic&quot;}\">\n\t\t\t\t\t\t<div class=\"elementor-container elementor-column-gap-default\">\n\t\t\t\t\t<div class=\"elementor-column elementor-col-100 elementor-top-column elementor-element elementor-element-79558e3d\" data-id=\"79558e3d\" data-element_type=\"column\" data-e-type=\"column\">\n\t\t\t<div class=\"elementor-widget-wrap elementor-element-populated\">\n\t\t\t\t\t\t<div class=\"elementor-element elementor-element-5ec35d78 elementor-widget elementor-widget-spacer\" data-id=\"5ec35d78\" data-element_type=\"widget\" data-e-type=\"widget\" data-widget_type=\"spacer.default\">\n\t\t\t\t<div class=\"elementor-widget-container\">\n\t\t\t\t\t\t\t<div class=\"elementor-spacer\">\n\t\t\t<div class=\"elementor-spacer-inner\"><\/div>\n\t\t<\/div>\n\t\t\t\t\t\t<\/div>\n\t\t\t\t<\/div>\n\t\t\t\t<div class=\"elementor-element elementor-element-462db56 elementor-widget elementor-widget-heading\" data-id=\"462db56\" data-element_type=\"widget\" data-e-type=\"widget\" data-widget_type=\"heading.default\">\n\t\t\t\t<div class=\"elementor-widget-container\">\n\t\t\t\t\t<h2 class=\"elementor-heading-title elementor-size-default\">Aufbau des Kurses<\/h2>\t\t\t\t<\/div>\n\t\t\t\t<\/div>\n\t\t\t\t<div class=\"elementor-element elementor-element-58d224cf elementor-widget elementor-widget-jet-horizontal-timeline\" data-id=\"58d224cf\" data-element_type=\"widget\" data-e-type=\"widget\" data-settings=\"{&quot;columns&quot;:3,&quot;columns_tablet&quot;:2,&quot;columns_mobile&quot;:1}\" data-widget_type=\"jet-horizontal-timeline.default\">\n\t\t\t\t<div class=\"elementor-widget-container\">\n\t\t\t\t\t<div class=\"elementor-jet-horizontal-timeline jet-elements\">\n<div class=\"jet-hor-timeline jet-hor-timeline--layout-top jet-hor-timeline--align-left jet-hor-timeline--scroll-bar\">\n\t<div class=\"jet-hor-timeline-inner\">\n\t\t<div class=\"jet-hor-timeline-track\">\n\t\t\t<div class=\"jet-hor-timeline-list jet-hor-timeline-list--top\">\n<div class=\"jet-hor-timeline-item elementor-repeater-item-a044a56\" data-item-id=\"a044a56\">\n\t\t\t\n<div class=\"jet-hor-timeline-item__card\">\n\t<div class=\"jet-hor-timeline-item__card-inner\">\n\t\t<h5 class=\"jet-hor-timeline-item__card-title\">Auftaktworkshop<\/h5><div class=\"jet-hor-timeline-item__card-desc\">Zielkl\u00e4rung<br>\nStandortbestimmung<br>eigene Bed\u00fcrfnisse kl\u00e4ren<\/div>\t<\/div>\n\t\t\t<div class=\"jet-hor-timeline-item__card-arrow\"><\/div>\n\t<\/div>\n\t<\/div>\n\n<div class=\"jet-hor-timeline-item elementor-repeater-item-3389ae9\" data-item-id=\"3389ae9\">\n\t\t\t\n<div class=\"jet-hor-timeline-item__card\">\n\t<div class=\"jet-hor-timeline-item__card-inner\">\n\t\t<h5 class=\"jet-hor-timeline-item__card-title\">Online-Selbstlerneinheiten<\/h5><div class=\"jet-hor-timeline-item__card-desc\">1. WHY - Was treibt mich an?<br>2. Wo will ich hin?<br>3. HOW - Was macht mich aus?<br>4. WHAT - Wie komme ich an mein Ziel?<\/div>\t<\/div>\n\t\t\t<div class=\"jet-hor-timeline-item__card-arrow\"><\/div>\n\t<\/div>\n\t<\/div>\n\n<div class=\"jet-hor-timeline-item elementor-repeater-item-7f21b3d\" data-item-id=\"7f21b3d\">\n\t\t\t\n<div class=\"jet-hor-timeline-item__card\">\n\t<div class=\"jet-hor-timeline-item__card-inner\">\n\t\t<h5 class=\"jet-hor-timeline-item__card-title\">Abschlussworkshop<\/h5><div class=\"jet-hor-timeline-item__card-desc\">Reflexion<br>Selbstf\u00fchrungscheck<br>Ergebinsse nachhhaltig festigen<\/div>\t<\/div>\n\t\t\t<div class=\"jet-hor-timeline-item__card-arrow\"><\/div>\n\t<\/div>\n\t<\/div>\n<\/div>\t\t\t<div class=\"jet-hor-timeline-list jet-hor-timeline-list--middle\">\n\t<div class=\"jet-hor-timeline__line\"><\/div>\n\n<div class=\"jet-hor-timeline-item elementor-repeater-item-a044a56\" data-item-id=\"a044a56\">\n\t<div class=\"jet-hor-timeline-item__point\"><div class=\"jet-hor-timeline-item__point-content\"><span class=\"jet-elements-icon\"><i aria-hidden=\"true\" class=\"far fa-comments\"><\/i><\/span><\/div><\/div><\/div>\n\n<div class=\"jet-hor-timeline-item elementor-repeater-item-3389ae9\" data-item-id=\"3389ae9\">\n\t<div class=\"jet-hor-timeline-item__point\"><div class=\"jet-hor-timeline-item__point-content\"><span class=\"jet-elements-icon\"><i aria-hidden=\"true\" class=\"fas fa-laptop\"><\/i><\/span><\/div><\/div><\/div>\n\n<div class=\"jet-hor-timeline-item elementor-repeater-item-7f21b3d\" data-item-id=\"7f21b3d\">\n\t<div class=\"jet-hor-timeline-item__point\"><div class=\"jet-hor-timeline-item__point-content\"><span class=\"jet-elements-icon\"><i aria-hidden=\"true\" class=\"far fa-comments\"><\/i><\/span><\/div><\/div><\/div>\n<\/div>\t\t\t<div class=\"jet-hor-timeline-list jet-hor-timeline-list--bottom\">\n<div class=\"jet-hor-timeline-item elementor-repeater-item-a044a56\" data-item-id=\"a044a56\">\n\t\t\t\t<\/div>\n\n<div class=\"jet-hor-timeline-item elementor-repeater-item-3389ae9\" data-item-id=\"3389ae9\">\n\t\t\t\t<\/div>\n\n<div class=\"jet-hor-timeline-item elementor-repeater-item-7f21b3d\" data-item-id=\"7f21b3d\">\n\t\t\t\t<\/div>\n<\/div>\t\t<\/div>\n\t<\/div>\n\t<\/div><\/div>\t\t\t\t<\/div>\n\t\t\t\t<\/div>\n\t\t\t\t<div class=\"elementor-element elementor-element-3c7ca520 elementor-widget elementor-widget-spacer\" data-id=\"3c7ca520\" data-element_type=\"widget\" data-e-type=\"widget\" data-widget_type=\"spacer.default\">\n\t\t\t\t<div class=\"elementor-widget-container\">\n\t\t\t\t\t\t\t<div class=\"elementor-spacer\">\n\t\t\t<div class=\"elementor-spacer-inner\"><\/div>\n\t\t<\/div>\n\t\t\t\t\t\t<\/div>\n\t\t\t\t<\/div>\n\t\t\t\t\t<\/div>\n\t\t<\/div>\n\t\t\t\t\t<\/div>\n\t\t<\/section>\n\t\t\t\t<section class=\"elementor-section elementor-top-section elementor-element elementor-element-39d3afd1 elementor-section-boxed elementor-section-height-default elementor-section-height-default\" data-id=\"39d3afd1\" data-element_type=\"section\" data-e-type=\"section\" data-settings=\"{&quot;jet_parallax_layout_list&quot;:[]}\">\n\t\t\t\t\t\t<div class=\"elementor-container elementor-column-gap-default\">\n\t\t\t\t\t<div class=\"elementor-column elementor-col-100 elementor-top-column elementor-element elementor-element-5a7759c3\" data-id=\"5a7759c3\" data-element_type=\"column\" data-e-type=\"column\">\n\t\t\t<div class=\"elementor-widget-wrap elementor-element-populated\">\n\t\t\t\t\t\t<div class=\"elementor-element elementor-element-5893500f elementor-widget elementor-widget-text-editor\" data-id=\"5893500f\" data-element_type=\"widget\" data-e-type=\"widget\" data-widget_type=\"text-editor.default\">\n\t\t\t\t<div class=\"elementor-widget-container\">\n\t\t\t\t\t\t\t\t\t<p>Das Modell des \u201eGolden Circle\u201c begleitet den gesamten Kurs. \u00dcber das \u201eWHY\u201c, \u201eHOW\u201c und \u201eWHAT\u201d reflektieren und erarbeiten die Teilnehmer*innen, warum sie etwas tun und wie sie es umsetzen.<\/p><p>Die 4 begleitenden Online-Selbstlernmodule zielen darauf ab, die Inhalte zwischen den Workshops weiter zu vertiefen und im Alltag zu erproben.<\/p>\t\t\t\t\t\t\t\t<\/div>\n\t\t\t\t<\/div>\n\t\t\t\t\t<\/div>\n\t\t<\/div>\n\t\t\t\t\t<\/div>\n\t\t<\/section>\n\t\t\t\t<section class=\"elementor-section elementor-top-section elementor-element elementor-element-77396ad4 elementor-section-boxed elementor-section-height-default elementor-section-height-default\" data-id=\"77396ad4\" data-element_type=\"section\" data-e-type=\"section\" data-settings=\"{&quot;jet_parallax_layout_list&quot;:[],&quot;background_background&quot;:&quot;classic&quot;}\">\n\t\t\t\t\t\t<div class=\"elementor-container elementor-column-gap-default\">\n\t\t\t\t\t<div class=\"elementor-column elementor-col-100 elementor-top-column elementor-element elementor-element-46a12514\" data-id=\"46a12514\" data-element_type=\"column\" data-e-type=\"column\">\n\t\t\t<div class=\"elementor-widget-wrap elementor-element-populated\">\n\t\t\t\t\t\t<div class=\"elementor-element elementor-element-9098d49 elementor-widget elementor-widget-spacer\" data-id=\"9098d49\" data-element_type=\"widget\" data-e-type=\"widget\" data-widget_type=\"spacer.default\">\n\t\t\t\t<div class=\"elementor-widget-container\">\n\t\t\t\t\t\t\t<div class=\"elementor-spacer\">\n\t\t\t<div class=\"elementor-spacer-inner\"><\/div>\n\t\t<\/div>\n\t\t\t\t\t\t<\/div>\n\t\t\t\t<\/div>\n\t\t\t\t\t<\/div>\n\t\t<\/div>\n\t\t\t\t\t<\/div>\n\t\t<\/section>\n\t\t\t\t<section class=\"elementor-section elementor-top-section elementor-element elementor-element-7a3178a2 elementor-section-boxed elementor-section-height-default elementor-section-height-default\" data-id=\"7a3178a2\" data-element_type=\"section\" data-e-type=\"section\" data-settings=\"{&quot;jet_parallax_layout_list&quot;:[]}\">\n\t\t\t\t\t\t<div class=\"elementor-container elementor-column-gap-default\">\n\t\t\t\t\t<div class=\"elementor-column elementor-col-50 elementor-top-column elementor-element elementor-element-290f42a2\" data-id=\"290f42a2\" data-element_type=\"column\" data-e-type=\"column\" data-settings=\"{&quot;background_background&quot;:&quot;classic&quot;}\">\n\t\t\t<div class=\"elementor-widget-wrap elementor-element-populated\">\n\t\t\t\t\t\t<div class=\"elementor-element elementor-element-aff5fbe elementor-widget elementor-widget-heading\" data-id=\"aff5fbe\" data-element_type=\"widget\" data-e-type=\"widget\" data-widget_type=\"heading.default\">\n\t\t\t\t<div class=\"elementor-widget-container\">\n\t\t\t\t\t<h2 class=\"elementor-heading-title elementor-size-default\">Das Ziel<\/h2>\t\t\t\t<\/div>\n\t\t\t\t<\/div>\n\t\t\t\t<div class=\"elementor-element elementor-element-44b1b6be elementor-widget elementor-widget-text-editor\" data-id=\"44b1b6be\" data-element_type=\"widget\" data-e-type=\"widget\" data-widget_type=\"text-editor.default\">\n\t\t\t\t<div class=\"elementor-widget-container\">\n\t\t\t\t\t\t\t\t\t<p>Durch diesen Kurs erhalten die Teilnehmer*innen einen Zugang zu Ihren eigenen Bed\u00fcrfnissen und Werten. Sie entdecken die eigenen St\u00e4rken und F\u00e4higkeiten. Auf dieser Grundlage entsteht eine individuelle Zielvorstellung.<\/p><p>Im zweiten Schritt gibt der Kurs Ans\u00e4tze, den individuellen Zielen einen Schritt n\u00e4her zu kommen und gibt Hilfsmittel an die Hand, diese auch nach Abschluss des Kurses eigenst\u00e4ndig weiter zu verfolgen. <\/p>\t\t\t\t\t\t\t\t<\/div>\n\t\t\t\t<\/div>\n\t\t\t\t<div class=\"elementor-element elementor-element-7fb2a7e3 elementor-widget elementor-widget-spacer\" data-id=\"7fb2a7e3\" data-element_type=\"widget\" data-e-type=\"widget\" data-widget_type=\"spacer.default\">\n\t\t\t\t<div class=\"elementor-widget-container\">\n\t\t\t\t\t\t\t<div class=\"elementor-spacer\">\n\t\t\t<div class=\"elementor-spacer-inner\"><\/div>\n\t\t<\/div>\n\t\t\t\t\t\t<\/div>\n\t\t\t\t<\/div>\n\t\t\t\t<div class=\"elementor-element elementor-element-5967b89b elementor-align-center elementor-widget elementor-widget-button\" data-id=\"5967b89b\" data-element_type=\"widget\" data-e-type=\"widget\" data-widget_type=\"button.default\">\n\t\t\t\t<div class=\"elementor-widget-container\">\n\t\t\t\t\t\t\t\t\t<div class=\"elementor-button-wrapper\">\n\t\t\t\t\t<a class=\"elementor-button elementor-button-link elementor-size-sm\" href=\"https:\/\/www.ludewig.team\/en\/login\/\">\n\t\t\t\t\t\t<span class=\"elementor-button-content-wrapper\">\n\t\t\t\t\t\t\t\t\t<span class=\"elementor-button-text\">Zur Lernplattform &gt;&gt;<\/span>\n\t\t\t\t\t<\/span>\n\t\t\t\t\t<\/a>\n\t\t\t\t<\/div>\n\t\t\t\t\t\t\t\t<\/div>\n\t\t\t\t<\/div>\n\t\t\t\t\t<\/div>\n\t\t<\/div>\n\t\t\t\t<div class=\"elementor-column elementor-col-50 elementor-top-column elementor-element elementor-element-3a6dc64f\" data-id=\"3a6dc64f\" data-element_type=\"column\" data-e-type=\"column\">\n\t\t\t<div class=\"elementor-widget-wrap elementor-element-populated\">\n\t\t\t\t\t\t<div class=\"elementor-element elementor-element-a260205 elementor-widget elementor-widget-spacer\" data-id=\"a260205\" data-element_type=\"widget\" data-e-type=\"widget\" data-widget_type=\"spacer.default\">\n\t\t\t\t<div class=\"elementor-widget-container\">\n\t\t\t\t\t\t\t<div class=\"elementor-spacer\">\n\t\t\t<div class=\"elementor-spacer-inner\"><\/div>\n\t\t<\/div>\n\t\t\t\t\t\t<\/div>\n\t\t\t\t<\/div>\n\t\t\t\t<div class=\"elementor-element elementor-element-f9f3aa0 elementor-widget__width-initial elementor-widget elementor-widget-text-editor\" data-id=\"f9f3aa0\" data-element_type=\"widget\" data-e-type=\"widget\" data-widget_type=\"text-editor.default\">\n\t\t\t\t<div class=\"elementor-widget-container\">\n\t\t\t\t\t\t\t\t\t<p><strong>Modul 1&nbsp;&nbsp;<\/strong><br>Begeben Sie sich mit unserer Unterst\u00fctzung auf die Reise und machen sich mit gezielten \u00dcbungen auf den Weg zu Ihrem ganz pers\u00f6nlichen WHY. Zu dem, was Sie im Innersten antreibt und ausf\u00fcllt.<\/p>\n<p><strong>Modul 2&nbsp;&nbsp;<\/strong><br>Hier geht es um Ihre (jetzige) Verortung, um die Einbindung Ihres Netzwerkes in Ihre berufliche Neuorientierung sowie um die Definition Ihres Wunschjobs und (potentieller) Berufsfelder.<\/p>\n<p><strong>Modul 3&nbsp;&nbsp;<\/strong><br>In diesem Modul stehen Ihre Kompetenzen und F\u00e4higkeiten, Ihre Werte und Ihre Pers\u00f6nlichkeit, das, was Sie als Individuum ausmacht \u2013 kurzum Ihr Alleinstellungsmerkmal \u2013 im Fokus. Sie lernen dieses Ihrem Netzwerk gegen\u00fcber zu kommunizieren.<\/p>\n<p><strong>Modul 4&nbsp;&nbsp;<\/strong><br>Reflektieren Sie Ihren bisherigen Weg auf der Suche nach Ihrem zuk\u00fcnftigen Berufsfeld. Sie entwickeln einen konkreten Fahrplan f\u00fcr den noch zur\u00fcckzulegenden Weg, um an Ihr (berufliches) Ziel zu gelangen, sei es in der Wirtschaft oder in der Wissenschaft.<\/p>\t\t\t\t\t\t\t\t<\/div>\n\t\t\t\t<\/div>\n\t\t\t\t\t<\/div>\n\t\t<\/div>\n\t\t\t\t\t<\/div>\n\t\t<\/section>\n\t\t\t\t<\/div>","protected":false},"excerpt":{"rendered":"<p>Promotion &#8211; was dann? Wo f\u00fchrt Sie Ihr Weg hin? Als Post-Doc, Promovierte*r oder Doktorand*in in der letzten Etappe Ihrer Promotion, stellt sich oft die Frage \u201eShould I stay or should I go?\u201c. Dieser Kurs unterst\u00fctzt Sie dabei n\u00e4chste Schritte im beruflichen Werdegang konkret zu machen. Wie wir dabei vorgehen? Raum schaffen, um sich \u00fcber [&hellip;]<\/p>\n","protected":false},"author":2,"featured_media":0,"parent":5518,"menu_order":0,"comment_status":"closed","ping_status":"closed","template":"","meta":{"footnotes":""},"class_list":["post-6206","page","type-page","status-publish","hentry"],"_links":{"self":[{"href":"https:\/\/www.ludewig.team\/en\/wp-json\/wp\/v2\/pages\/6206","targetHints":{"allow":["GET"]}}],"collection":[{"href":"https:\/\/www.ludewig.team\/en\/wp-json\/wp\/v2\/pages"}],"about":[{"href":"https:\/\/www.ludewig.team\/en\/wp-json\/wp\/v2\/types\/page"}],"author":[{"embeddable":true,"href":"https:\/\/www.ludewig.team\/en\/wp-json\/wp\/v2\/users\/2"}],"replies":[{"embeddable":true,"href":"https:\/\/www.ludewig.team\/en\/wp-json\/wp\/v2\/comments?post=6206"}],"version-history":[{"count":5,"href":"https:\/\/www.ludewig.team\/en\/wp-json\/wp\/v2\/pages\/6206\/revisions"}],"predecessor-version":[{"id":6846,"href":"https:\/\/www.ludewig.team\/en\/wp-json\/wp\/v2\/pages\/6206\/revisions\/6846"}],"up":[{"embeddable":true,"href":"https:\/\/www.ludewig.team\/en\/wp-json\/wp\/v2\/pages\/5518"}],"wp:attachment":[{"href":"https:\/\/www.ludewig.team\/en\/wp-json\/wp\/v2\/media?parent=6206"}],"curies":[{"name":"wp","href":"https:\/\/api.w.org\/{rel}","templated":true}]}}