{"id":461,"date":"2020-08-15T22:13:43","date_gmt":"2020-08-15T20:13:43","guid":{"rendered":"http:\/\/stage.ludewig.team\/?page_id=461"},"modified":"2023-12-20T00:29:33","modified_gmt":"2023-12-19T23:29:33","slug":"blog","status":"publish","type":"page","link":"https:\/\/www.ludewig.team\/en\/blog\/","title":{"rendered":"Blog"},"content":{"rendered":"<div data-elementor-type=\"wp-page\" data-elementor-id=\"461\" class=\"elementor elementor-461\" data-elementor-post-type=\"page\">\n\t\t\t\t\t\t<section class=\"elementor-section elementor-top-section elementor-element elementor-element-f609960 elementor-section-boxed elementor-section-height-default elementor-section-height-default\" data-id=\"f609960\" data-element_type=\"section\" data-e-type=\"section\" data-settings=\"{&quot;jet_parallax_layout_list&quot;:[],&quot;background_background&quot;:&quot;classic&quot;}\">\n\t\t\t\t\t\t<div class=\"elementor-container elementor-column-gap-default\">\n\t\t\t\t\t<div class=\"elementor-column elementor-col-50 elementor-top-column elementor-element elementor-element-2781fa5\" data-id=\"2781fa5\" data-element_type=\"column\" data-e-type=\"column\">\n\t\t\t<div class=\"elementor-widget-wrap elementor-element-populated\">\n\t\t\t\t\t\t<div class=\"elementor-element elementor-element-289217f elementor-widget elementor-widget-spacer\" data-id=\"289217f\" data-element_type=\"widget\" data-e-type=\"widget\" data-widget_type=\"spacer.default\">\n\t\t\t\t<div class=\"elementor-widget-container\">\n\t\t\t\t\t\t\t<div class=\"elementor-spacer\">\n\t\t\t<div class=\"elementor-spacer-inner\"><\/div>\n\t\t<\/div>\n\t\t\t\t\t\t<\/div>\n\t\t\t\t<\/div>\n\t\t\t\t<div class=\"elementor-element elementor-element-2139325 elementor-widget elementor-widget-heading\" data-id=\"2139325\" data-element_type=\"widget\" data-e-type=\"widget\" data-widget_type=\"heading.default\">\n\t\t\t\t<div class=\"elementor-widget-container\">\n\t\t\t\t\t<h2 class=\"elementor-heading-title elementor-size-default\">Blog<\/h2>\t\t\t\t<\/div>\n\t\t\t\t<\/div>\n\t\t\t\t<div class=\"elementor-element elementor-element-690b90c elementor-widget elementor-widget-spacer\" data-id=\"690b90c\" data-element_type=\"widget\" data-e-type=\"widget\" data-widget_type=\"spacer.default\">\n\t\t\t\t<div class=\"elementor-widget-container\">\n\t\t\t\t\t\t\t<div class=\"elementor-spacer\">\n\t\t\t<div class=\"elementor-spacer-inner\"><\/div>\n\t\t<\/div>\n\t\t\t\t\t\t<\/div>\n\t\t\t\t<\/div>\n\t\t\t\t\t<\/div>\n\t\t<\/div>\n\t\t\t\t<div class=\"elementor-column elementor-col-50 elementor-top-column elementor-element elementor-element-2a21fac\" data-id=\"2a21fac\" data-element_type=\"column\" data-e-type=\"column\">\n\t\t\t<div class=\"elementor-widget-wrap\">\n\t\t\t\t\t\t\t<\/div>\n\t\t<\/div>\n\t\t\t\t\t<\/div>\n\t\t<\/section>\n\t\t\t\t<section class=\"elementor-section elementor-top-section elementor-element elementor-element-872b3a4 elementor-section-boxed elementor-section-height-default elementor-section-height-default\" data-id=\"872b3a4\" data-element_type=\"section\" data-e-type=\"section\" data-settings=\"{&quot;jet_parallax_layout_list&quot;:[]}\">\n\t\t\t\t\t\t<div class=\"elementor-container elementor-column-gap-default\">\n\t\t\t\t\t<div class=\"elementor-column elementor-col-100 elementor-top-column elementor-element elementor-element-63e6e0d\" data-id=\"63e6e0d\" data-element_type=\"column\" data-e-type=\"column\">\n\t\t\t<div class=\"elementor-widget-wrap elementor-element-populated\">\n\t\t\t\t\t\t<div class=\"elementor-element elementor-element-615fc30 elementor-widget elementor-widget-heading\" data-id=\"615fc30\" data-element_type=\"widget\" data-e-type=\"widget\" data-widget_type=\"heading.default\">\n\t\t\t\t<div class=\"elementor-widget-container\">\n\t\t\t\t\t<h2 class=\"elementor-heading-title elementor-size-default\">Unsere Themen<\/h2>\t\t\t\t<\/div>\n\t\t\t\t<\/div>\n\t\t\t\t<div class=\"elementor-element elementor-element-1d89563 elementor-widget-divider--view-line elementor-widget elementor-widget-divider\" data-id=\"1d89563\" data-element_type=\"widget\" data-e-type=\"widget\" data-widget_type=\"divider.default\">\n\t\t\t\t<div class=\"elementor-widget-container\">\n\t\t\t\t\t\t\t<div class=\"elementor-divider\">\n\t\t\t<span class=\"elementor-divider-separator\">\n\t\t\t\t\t\t<\/span>\n\t\t<\/div>\n\t\t\t\t\t\t<\/div>\n\t\t\t\t<\/div>\n\t\t\t\t<div class=\"elementor-element elementor-element-3d90088 elementor-widget__width-initial elementor-widget elementor-widget-heading\" data-id=\"3d90088\" data-element_type=\"widget\" data-e-type=\"widget\" data-widget_type=\"heading.default\">\n\t\t\t\t<div class=\"elementor-widget-container\">\n\t\t\t\t\t<h2 class=\"elementor-heading-title elementor-size-default\">Damit besch\u00e4ftigen wir uns aktuell...<\/h2>\t\t\t\t<\/div>\n\t\t\t\t<\/div>\n\t\t\t\t<div class=\"elementor-element elementor-element-aca5b71 elementor-widget elementor-widget-text-editor\" data-id=\"aca5b71\" data-element_type=\"widget\" data-e-type=\"widget\" data-widget_type=\"text-editor.default\">\n\t\t\t\t<div class=\"elementor-widget-container\">\n\t\t\t\t\t\t\t\t\t<p>Sie haben Lust einen Einblick in die Themen zu bekommen, an denen wir arbeiten? Super!<\/p><p>Hier finden Sie verschiedene Blogartikel zu unseren aktuellen Top-Themen.<\/p>\t\t\t\t\t\t\t\t<\/div>\n\t\t\t\t<\/div>\n\t\t\t\t\t<\/div>\n\t\t<\/div>\n\t\t\t\t\t<\/div>\n\t\t<\/section>\n\t\t\t\t<section class=\"elementor-section elementor-top-section elementor-element elementor-element-b49c468 elementor-section-boxed elementor-section-height-default elementor-section-height-default\" data-id=\"b49c468\" data-element_type=\"section\" data-e-type=\"section\" data-settings=\"{&quot;jet_parallax_layout_list&quot;:[]}\">\n\t\t\t\t\t\t<div class=\"elementor-container elementor-column-gap-default\">\n\t\t\t\t\t<div class=\"elementor-column elementor-col-100 elementor-top-column elementor-element elementor-element-51885f1\" data-id=\"51885f1\" data-element_type=\"column\" data-e-type=\"column\">\n\t\t\t<div class=\"elementor-widget-wrap elementor-element-populated\">\n\t\t\t\t\t\t<div class=\"elementor-element elementor-element-be6848d elementor-grid-2 elementor-grid-tablet-2 elementor-grid-mobile-1 elementor-posts--thumbnail-top elementor-card-shadow-yes elementor-posts__hover-gradient elementor-widget elementor-widget-posts\" data-id=\"be6848d\" data-element_type=\"widget\" data-e-type=\"widget\" data-settings=\"{&quot;cards_columns&quot;:&quot;2&quot;,&quot;pagination_type&quot;:&quot;numbers_and_prev_next&quot;,&quot;cards_row_gap&quot;:{&quot;unit&quot;:&quot;px&quot;,&quot;size&quot;:30,&quot;sizes&quot;:[]},&quot;cards_columns_tablet&quot;:&quot;2&quot;,&quot;cards_columns_mobile&quot;:&quot;1&quot;,&quot;cards_row_gap_tablet&quot;:{&quot;unit&quot;:&quot;px&quot;,&quot;size&quot;:&quot;&quot;,&quot;sizes&quot;:[]},&quot;cards_row_gap_mobile&quot;:{&quot;unit&quot;:&quot;px&quot;,&quot;size&quot;:&quot;&quot;,&quot;sizes&quot;:[]}}\" data-widget_type=\"posts.cards\">\n\t\t\t\t<div class=\"elementor-widget-container\">\n\t\t\t\t\t\t\t<div class=\"elementor-posts-container elementor-posts elementor-posts--skin-cards elementor-grid\" role=\"list\">\n\t\t\t\t<article class=\"elementor-post elementor-grid-item post-7103 post type-post status-publish format-standard has-post-thumbnail hentry category-allgemein\" role=\"listitem\">\n\t\t\t<div class=\"elementor-post__card\">\n\t\t\t\t<a class=\"elementor-post__thumbnail__link\" href=\"https:\/\/www.ludewig.team\/en\/paradoxes-fuehren-wie-man-gegensaetze-gut-meistern-und-nutzen-kann\/\" tabindex=\"-1\"><div class=\"elementor-post__thumbnail\"><img fetchpriority=\"high\" decoding=\"async\" width=\"553\" height=\"828\" src=\"https:\/\/www.ludewig.team\/wp-content\/uploads\/2025\/04\/LT23-6416.png\" class=\"attachment-large size-large wp-image-7113\" alt=\"\" srcset=\"https:\/\/www.ludewig.team\/wp-content\/uploads\/2025\/04\/LT23-6416.png 553w, https:\/\/www.ludewig.team\/wp-content\/uploads\/2025\/04\/LT23-6416-200x300.png 200w, https:\/\/www.ludewig.team\/wp-content\/uploads\/2025\/04\/LT23-6416-8x12.png 8w\" sizes=\"(max-width: 553px) 100vw, 553px\" \/><\/div><\/a>\n\t\t\t\t<div class=\"elementor-post__text\">\n\t\t\t\t<h3 class=\"elementor-post__title\">\n\t\t\t<a href=\"https:\/\/www.ludewig.team\/en\/paradoxes-fuehren-wie-man-gegensaetze-gut-meistern-und-nutzen-kann\/\">\n\t\t\t\tParadoxes F\u00fchren: Wie man Gegens\u00e4tze gut meistern und nutzen kann\t\t\t<\/a>\n\t\t<\/h3>\n\t\t\t\t<div class=\"elementor-post__excerpt\">\n\t\t\t<p>Paradoxes F\u00fchren: Wie man Gegens\u00e4tze gut meistern und nutzen kann Entweder hart oder weich als Chef*in? Entweder agil oder stabil? Entweder gerecht oder machtvoll? F\u00fcr<\/p>\n\t\t<\/div>\n\t\t\n\t\t<a class=\"elementor-post__read-more\" href=\"https:\/\/www.ludewig.team\/en\/paradoxes-fuehren-wie-man-gegensaetze-gut-meistern-und-nutzen-kann\/\" aria-label=\"Read more about Paradoxes F\u00fchren: Wie man Gegens\u00e4tze gut meistern und nutzen kann\" tabindex=\"-1\">\n\t\t\tWeiterlesen \u00bb\t\t<\/a>\n\n\t\t\t\t<\/div>\n\t\t\t\t<div class=\"elementor-post__meta-data\">\n\t\t\t\t\t<span class=\"elementor-post-date\">\n\t\t\t8. April 2025\t\t<\/span>\n\t\t\t\t<\/div>\n\t\t\t\t\t<\/div>\n\t\t<\/article>\n\t\t\t\t<article class=\"elementor-post elementor-grid-item post-7089 post type-post status-publish format-standard has-post-thumbnail hentry category-allgemein\" role=\"listitem\">\n\t\t\t<div class=\"elementor-post__card\">\n\t\t\t\t<a class=\"elementor-post__thumbnail__link\" href=\"https:\/\/www.ludewig.team\/en\/psychologische-sicherheit-in-unsicheren-zeiten\/\" tabindex=\"-1\"><div class=\"elementor-post__thumbnail\"><img decoding=\"async\" width=\"800\" height=\"534\" src=\"https:\/\/www.ludewig.team\/wp-content\/uploads\/2024\/02\/KC-5105-1-1024x684.jpg\" class=\"attachment-large size-large wp-image-6899\" alt=\"\" srcset=\"https:\/\/www.ludewig.team\/wp-content\/uploads\/2024\/02\/KC-5105-1-1024x684.jpg 1024w, https:\/\/www.ludewig.team\/wp-content\/uploads\/2024\/02\/KC-5105-1-300x200.jpg 300w, https:\/\/www.ludewig.team\/wp-content\/uploads\/2024\/02\/KC-5105-1-768x513.jpg 768w, https:\/\/www.ludewig.team\/wp-content\/uploads\/2024\/02\/KC-5105-1-1536x1025.jpg 1536w, https:\/\/www.ludewig.team\/wp-content\/uploads\/2024\/02\/KC-5105-1-2048x1367.jpg 2048w, https:\/\/www.ludewig.team\/wp-content\/uploads\/2024\/02\/KC-5105-1-18x12.jpg 18w, https:\/\/www.ludewig.team\/wp-content\/uploads\/2024\/02\/KC-5105-1-600x400.jpg 600w\" sizes=\"(max-width: 800px) 100vw, 800px\" \/><\/div><\/a>\n\t\t\t\t<div class=\"elementor-post__text\">\n\t\t\t\t<h3 class=\"elementor-post__title\">\n\t\t\t<a href=\"https:\/\/www.ludewig.team\/en\/psychologische-sicherheit-in-unsicheren-zeiten\/\">\n\t\t\t\tPsychologische Sicherheit in unsicheren Zeiten\t\t\t<\/a>\n\t\t<\/h3>\n\t\t\t\t<div class=\"elementor-post__excerpt\">\n\t\t\t<p>Psychologische Sicherheit in unsicheren Zeiten: Ein kurzer Leitfaden f\u00fcr F\u00fchrungskr\u00e4fte In vielen unserer Projekte spielt das Thema Unsicherheit gerade eine Rolle \u2013 sei es durch<\/p>\n\t\t<\/div>\n\t\t\n\t\t<a class=\"elementor-post__read-more\" href=\"https:\/\/www.ludewig.team\/en\/psychologische-sicherheit-in-unsicheren-zeiten\/\" aria-label=\"Read more about Psychologische Sicherheit in unsicheren Zeiten\" tabindex=\"-1\">\n\t\t\tWeiterlesen \u00bb\t\t<\/a>\n\n\t\t\t\t<\/div>\n\t\t\t\t<div class=\"elementor-post__meta-data\">\n\t\t\t\t\t<span class=\"elementor-post-date\">\n\t\t\t7. March 2025\t\t<\/span>\n\t\t\t\t<\/div>\n\t\t\t\t\t<\/div>\n\t\t<\/article>\n\t\t\t\t<article class=\"elementor-post elementor-grid-item post-7047 post type-post status-publish format-standard has-post-thumbnail hentry category-allgemein\" role=\"listitem\">\n\t\t\t<div class=\"elementor-post__card\">\n\t\t\t\t<a class=\"elementor-post__thumbnail__link\" href=\"https:\/\/www.ludewig.team\/en\/happy-new-year-es-gibt-viel-zu-fuehlen-und-zu-tun\/\" tabindex=\"-1\"><div class=\"elementor-post__thumbnail\"><img decoding=\"async\" width=\"800\" height=\"534\" src=\"https:\/\/www.ludewig.team\/wp-content\/uploads\/2022\/03\/LT-8249_klein-1024x684.jpg\" class=\"attachment-large size-large wp-image-4122\" alt=\"\" srcset=\"https:\/\/www.ludewig.team\/wp-content\/uploads\/2022\/03\/LT-8249_klein-1024x684.jpg 1024w, https:\/\/www.ludewig.team\/wp-content\/uploads\/2022\/03\/LT-8249_klein-300x200.jpg 300w, https:\/\/www.ludewig.team\/wp-content\/uploads\/2022\/03\/LT-8249_klein-768x513.jpg 768w, https:\/\/www.ludewig.team\/wp-content\/uploads\/2022\/03\/LT-8249_klein-1536x1025.jpg 1536w, https:\/\/www.ludewig.team\/wp-content\/uploads\/2022\/03\/LT-8249_klein-2048x1367.jpg 2048w\" sizes=\"(max-width: 800px) 100vw, 800px\" \/><\/div><\/a>\n\t\t\t\t<div class=\"elementor-post__text\">\n\t\t\t\t<h3 class=\"elementor-post__title\">\n\t\t\t<a href=\"https:\/\/www.ludewig.team\/en\/happy-new-year-es-gibt-viel-zu-fuehlen-und-zu-tun\/\">\n\t\t\t\tHappy New Year! Es gibt viel zu f\u00fchlen und zu tun\u2026\t\t\t<\/a>\n\t\t<\/h3>\n\t\t\t\t<div class=\"elementor-post__excerpt\">\n\t\t\t<p>Happy New Year! Es gibt viel zu f\u00fchlen und zu tun\u2026 Ich w\u00fcnsche ich Ihnen \u2013 reichlich sp\u00e4t, von Herzen und im Namen unseres gesamten<\/p>\n\t\t<\/div>\n\t\t\n\t\t<a class=\"elementor-post__read-more\" href=\"https:\/\/www.ludewig.team\/en\/happy-new-year-es-gibt-viel-zu-fuehlen-und-zu-tun\/\" aria-label=\"Read more about Happy New Year! Es gibt viel zu f\u00fchlen und zu tun\u2026\" tabindex=\"-1\">\n\t\t\tWeiterlesen \u00bb\t\t<\/a>\n\n\t\t\t\t<\/div>\n\t\t\t\t<div class=\"elementor-post__meta-data\">\n\t\t\t\t\t<span class=\"elementor-post-date\">\n\t\t\t8. January 2025\t\t<\/span>\n\t\t\t\t<\/div>\n\t\t\t\t\t<\/div>\n\t\t<\/article>\n\t\t\t\t<article class=\"elementor-post elementor-grid-item post-6940 post type-post status-publish format-standard has-post-thumbnail hentry category-allgemein\" role=\"listitem\">\n\t\t\t<div class=\"elementor-post__card\">\n\t\t\t\t<a class=\"elementor-post__thumbnail__link\" href=\"https:\/\/www.ludewig.team\/en\/6-dinge-die-sie-gegen-silodenken-tun-koennen\/\" tabindex=\"-1\"><div class=\"elementor-post__thumbnail\"><img loading=\"lazy\" decoding=\"async\" width=\"800\" height=\"678\" src=\"https:\/\/www.ludewig.team\/wp-content\/uploads\/2024\/04\/Bildschirmfoto-2024-04-24-um-13.43.45-1024x868.png\" class=\"attachment-large size-large wp-image-6944\" alt=\"\" srcset=\"https:\/\/www.ludewig.team\/wp-content\/uploads\/2024\/04\/Bildschirmfoto-2024-04-24-um-13.43.45-1024x868.png 1024w, https:\/\/www.ludewig.team\/wp-content\/uploads\/2024\/04\/Bildschirmfoto-2024-04-24-um-13.43.45-300x254.png 300w, https:\/\/www.ludewig.team\/wp-content\/uploads\/2024\/04\/Bildschirmfoto-2024-04-24-um-13.43.45-768x651.png 768w, https:\/\/www.ludewig.team\/wp-content\/uploads\/2024\/04\/Bildschirmfoto-2024-04-24-um-13.43.45-14x12.png 14w, https:\/\/www.ludewig.team\/wp-content\/uploads\/2024\/04\/Bildschirmfoto-2024-04-24-um-13.43.45.png 1274w\" sizes=\"(max-width: 800px) 100vw, 800px\" \/><\/div><\/a>\n\t\t\t\t<div class=\"elementor-post__text\">\n\t\t\t\t<h3 class=\"elementor-post__title\">\n\t\t\t<a href=\"https:\/\/www.ludewig.team\/en\/6-dinge-die-sie-gegen-silodenken-tun-koennen\/\">\n\t\t\t\t6 Dinge, die Sie gegen Silodenken tun k\u00f6nnen!\t\t\t<\/a>\n\t\t<\/h3>\n\t\t\t\t<div class=\"elementor-post__excerpt\">\n\t\t\t<p>Daf\u00fcr sind die anderen zust\u00e4ndig! 6 Dinge, die Sie gegen Silodenken tun k\u00f6nnen Silodenken begegnet uns oft in \u201eklassischen\u201c Unternehmen und Beh\u00f6rden: \u201eDas macht Abteilung<\/p>\n\t\t<\/div>\n\t\t\n\t\t<a class=\"elementor-post__read-more\" href=\"https:\/\/www.ludewig.team\/en\/6-dinge-die-sie-gegen-silodenken-tun-koennen\/\" aria-label=\"Read more about 6 Dinge, die Sie gegen Silodenken tun k\u00f6nnen!\" tabindex=\"-1\">\n\t\t\tWeiterlesen \u00bb\t\t<\/a>\n\n\t\t\t\t<\/div>\n\t\t\t\t<div class=\"elementor-post__meta-data\">\n\t\t\t\t\t<span class=\"elementor-post-date\">\n\t\t\t24. April 2024\t\t<\/span>\n\t\t\t\t<\/div>\n\t\t\t\t\t<\/div>\n\t\t<\/article>\n\t\t\t\t<article class=\"elementor-post elementor-grid-item post-6918 post type-post status-publish format-standard has-post-thumbnail hentry category-allgemein\" role=\"listitem\">\n\t\t\t<div class=\"elementor-post__card\">\n\t\t\t\t<a class=\"elementor-post__thumbnail__link\" href=\"https:\/\/www.ludewig.team\/en\/ruhe-finden-in-einer-schnellen-welt\/\" tabindex=\"-1\"><div class=\"elementor-post__thumbnail\"><img loading=\"lazy\" decoding=\"async\" width=\"800\" height=\"516\" src=\"https:\/\/www.ludewig.team\/wp-content\/uploads\/2024\/02\/Beitrag-Schweigeretreat.png\" class=\"attachment-large size-large wp-image-6928\" alt=\"\" srcset=\"https:\/\/www.ludewig.team\/wp-content\/uploads\/2024\/02\/Beitrag-Schweigeretreat.png 878w, https:\/\/www.ludewig.team\/wp-content\/uploads\/2024\/02\/Beitrag-Schweigeretreat-300x193.png 300w, https:\/\/www.ludewig.team\/wp-content\/uploads\/2024\/02\/Beitrag-Schweigeretreat-768x495.png 768w, https:\/\/www.ludewig.team\/wp-content\/uploads\/2024\/02\/Beitrag-Schweigeretreat-18x12.png 18w\" sizes=\"(max-width: 800px) 100vw, 800px\" \/><\/div><\/a>\n\t\t\t\t<div class=\"elementor-post__text\">\n\t\t\t\t<h3 class=\"elementor-post__title\">\n\t\t\t<a href=\"https:\/\/www.ludewig.team\/en\/ruhe-finden-in-einer-schnellen-welt\/\">\n\t\t\t\tRuhe finden in einer schnellen Welt\t\t\t<\/a>\n\t\t<\/h3>\n\t\t\t\t<div class=\"elementor-post__excerpt\">\n\t\t\t<p>Ruhe finden in einer schnellen Welt? 3 Ideen, wie das gehen k\u00f6nnte In letzter Zeit ist es etwas ruhiger um uns geworden \u2013 nach einem<\/p>\n\t\t<\/div>\n\t\t\n\t\t<a class=\"elementor-post__read-more\" href=\"https:\/\/www.ludewig.team\/en\/ruhe-finden-in-einer-schnellen-welt\/\" aria-label=\"Read more about Ruhe finden in einer schnellen Welt\" tabindex=\"-1\">\n\t\t\tWeiterlesen \u00bb\t\t<\/a>\n\n\t\t\t\t<\/div>\n\t\t\t\t<div class=\"elementor-post__meta-data\">\n\t\t\t\t\t<span class=\"elementor-post-date\">\n\t\t\t29. February 2024\t\t<\/span>\n\t\t\t\t<\/div>\n\t\t\t\t\t<\/div>\n\t\t<\/article>\n\t\t\t\t<article class=\"elementor-post elementor-grid-item post-4119 post type-post status-publish format-standard has-post-thumbnail hentry category-allgemein\" role=\"listitem\">\n\t\t\t<div class=\"elementor-post__card\">\n\t\t\t\t<a class=\"elementor-post__thumbnail__link\" href=\"https:\/\/www.ludewig.team\/en\/offenheit-die-grundlage-fuer-gute-beziehungen\/\" tabindex=\"-1\"><div class=\"elementor-post__thumbnail\"><img decoding=\"async\" width=\"800\" height=\"534\" src=\"https:\/\/www.ludewig.team\/wp-content\/uploads\/2022\/03\/LT-8249_klein-1024x684.jpg\" class=\"attachment-large size-large wp-image-4122\" alt=\"\" srcset=\"https:\/\/www.ludewig.team\/wp-content\/uploads\/2022\/03\/LT-8249_klein-1024x684.jpg 1024w, https:\/\/www.ludewig.team\/wp-content\/uploads\/2022\/03\/LT-8249_klein-300x200.jpg 300w, https:\/\/www.ludewig.team\/wp-content\/uploads\/2022\/03\/LT-8249_klein-768x513.jpg 768w, https:\/\/www.ludewig.team\/wp-content\/uploads\/2022\/03\/LT-8249_klein-1536x1025.jpg 1536w, https:\/\/www.ludewig.team\/wp-content\/uploads\/2022\/03\/LT-8249_klein-2048x1367.jpg 2048w\" sizes=\"(max-width: 800px) 100vw, 800px\" \/><\/div><\/a>\n\t\t\t\t<div class=\"elementor-post__text\">\n\t\t\t\t<h3 class=\"elementor-post__title\">\n\t\t\t<a href=\"https:\/\/www.ludewig.team\/en\/offenheit-die-grundlage-fuer-gute-beziehungen\/\">\n\t\t\t\tOffenheit \u2013 die Grundlage f\u00fcr gute Beziehungen\t\t\t<\/a>\n\t\t<\/h3>\n\t\t\t\t<div class=\"elementor-post__excerpt\">\n\t\t\t<p>Unser Thema des Monats April: &#8222;Offenheit&#8220; Autorin: Katharina Ludewig Offenheit \u2013 die Grundlage f\u00fcr gute Beziehungen Achtung! Ich verrate Ihnen jetzt ein Geheimnis! In letzter<\/p>\n\t\t<\/div>\n\t\t\n\t\t<a class=\"elementor-post__read-more\" href=\"https:\/\/www.ludewig.team\/en\/offenheit-die-grundlage-fuer-gute-beziehungen\/\" aria-label=\"Read more about Offenheit \u2013 die Grundlage f\u00fcr gute Beziehungen\" tabindex=\"-1\">\n\t\t\tWeiterlesen \u00bb\t\t<\/a>\n\n\t\t\t\t<\/div>\n\t\t\t\t<div class=\"elementor-post__meta-data\">\n\t\t\t\t\t<span class=\"elementor-post-date\">\n\t\t\t31. March 2022\t\t<\/span>\n\t\t\t\t<\/div>\n\t\t\t\t\t<\/div>\n\t\t<\/article>\n\t\t\t\t<\/div>\n\t\t\n\t\t\t\t<div class=\"e-load-more-anchor\" data-page=\"1\" data-max-page=\"4\" data-next-page=\"https:\/\/www.ludewig.team\/en\/wp-json\/wp\/v2\/pages\/461\/page\/2\/\"><\/div>\n\t\t\t\t<nav class=\"elementor-pagination\" aria-label=\"Pagination\">\n\t\t\t<span class=\"page-numbers prev\">&laquo; Voriger<\/span>\n<span aria-current=\"page\" class=\"page-numbers current\"><span class=\"elementor-screen-only\">Page<\/span>1<\/span>\n<a class=\"page-numbers\" href=\"https:\/\/www.ludewig.team\/en\/wp-json\/wp\/v2\/pages\/461\/page\/2\/\"><span class=\"elementor-screen-only\">Page<\/span>2<\/a>\n<a class=\"page-numbers\" href=\"https:\/\/www.ludewig.team\/en\/wp-json\/wp\/v2\/pages\/461\/page\/3\/\"><span class=\"elementor-screen-only\">Page<\/span>3<\/a>\n<a class=\"page-numbers\" href=\"https:\/\/www.ludewig.team\/en\/wp-json\/wp\/v2\/pages\/461\/page\/4\/\"><span class=\"elementor-screen-only\">Page<\/span>4<\/a>\n<a class=\"page-numbers next\" href=\"https:\/\/www.ludewig.team\/en\/wp-json\/wp\/v2\/pages\/461\/page\/2\/\">N\u00e4chster &raquo;<\/a>\t\t<\/nav>\n\t\t\t\t\t\t<\/div>\n\t\t\t\t<\/div>\n\t\t\t\t\t<\/div>\n\t\t<\/div>\n\t\t\t\t\t<\/div>\n\t\t<\/section>\n\t\t\t\t<section class=\"elementor-section elementor-top-section elementor-element elementor-element-4fc8c57 elementor-section-boxed elementor-section-height-default elementor-section-height-default\" data-id=\"4fc8c57\" data-element_type=\"section\" data-e-type=\"section\" data-settings=\"{&quot;jet_parallax_layout_list&quot;:[]}\">\n\t\t\t\t\t\t<div class=\"elementor-container elementor-column-gap-default\">\n\t\t\t\t\t<div class=\"elementor-column elementor-col-100 elementor-top-column elementor-element elementor-element-bb9d786\" data-id=\"bb9d786\" data-element_type=\"column\" data-e-type=\"column\">\n\t\t\t<div class=\"elementor-widget-wrap elementor-element-populated\">\n\t\t\t\t\t\t<div class=\"elementor-element elementor-element-aa40483 elementor-widget elementor-widget-spacer\" data-id=\"aa40483\" data-element_type=\"widget\" data-e-type=\"widget\" data-widget_type=\"spacer.default\">\n\t\t\t\t<div class=\"elementor-widget-container\">\n\t\t\t\t\t\t\t<div class=\"elementor-spacer\">\n\t\t\t<div class=\"elementor-spacer-inner\"><\/div>\n\t\t<\/div>\n\t\t\t\t\t\t<\/div>\n\t\t\t\t<\/div>\n\t\t\t\t\t<\/div>\n\t\t<\/div>\n\t\t\t\t\t<\/div>\n\t\t<\/section>\n\t\t\t\t<\/div>","protected":false},"excerpt":{"rendered":"<p>Blog Unsere Themen Damit besch\u00e4ftigen wir uns aktuell&#8230; Sie haben Lust einen Einblick in die Themen zu bekommen, an denen wir arbeiten? Super! Hier finden Sie verschiedene Blogartikel zu unseren aktuellen Top-Themen.<\/p>","protected":false},"author":2,"featured_media":0,"parent":0,"menu_order":0,"comment_status":"closed","ping_status":"closed","template":"elementor_header_footer","meta":{"footnotes":""},"class_list":["post-461","page","type-page","status-publish","hentry"],"_links":{"self":[{"href":"https:\/\/www.ludewig.team\/en\/wp-json\/wp\/v2\/pages\/461","targetHints":{"allow":["GET"]}}],"collection":[{"href":"https:\/\/www.ludewig.team\/en\/wp-json\/wp\/v2\/pages"}],"about":[{"href":"https:\/\/www.ludewig.team\/en\/wp-json\/wp\/v2\/types\/page"}],"author":[{"embeddable":true,"href":"https:\/\/www.ludewig.team\/en\/wp-json\/wp\/v2\/users\/2"}],"replies":[{"embeddable":true,"href":"https:\/\/www.ludewig.team\/en\/wp-json\/wp\/v2\/comments?post=461"}],"version-history":[{"count":5,"href":"https:\/\/www.ludewig.team\/en\/wp-json\/wp\/v2\/pages\/461\/revisions"}],"predecessor-version":[{"id":6719,"href":"https:\/\/www.ludewig.team\/en\/wp-json\/wp\/v2\/pages\/461\/revisions\/6719"}],"wp:attachment":[{"href":"https:\/\/www.ludewig.team\/en\/wp-json\/wp\/v2\/media?parent=461"}],"curies":[{"name":"wp","href":"https:\/\/api.w.org\/{rel}","templated":true}]}}