{"id":259,"date":"2020-08-12T00:10:24","date_gmt":"2020-08-11T22:10:24","guid":{"rendered":"http:\/\/stage.ludewig.team\/?page_id=259"},"modified":"2023-11-02T09:41:50","modified_gmt":"2023-11-02T08:41:50","slug":"agb","status":"publish","type":"page","link":"https:\/\/www.ludewig.team\/en\/agb\/","title":{"rendered":"AGB"},"content":{"rendered":"<div data-elementor-type=\"wp-page\" data-elementor-id=\"259\" class=\"elementor elementor-259\" data-elementor-post-type=\"page\">\n\t\t\t\t\t\t<section class=\"elementor-section elementor-top-section elementor-element elementor-element-1aff90c elementor-section-boxed elementor-section-height-default elementor-section-height-default\" data-id=\"1aff90c\" data-element_type=\"section\" data-e-type=\"section\" data-settings=\"{&quot;jet_parallax_layout_list&quot;:[]}\">\n\t\t\t\t\t\t<div class=\"elementor-container elementor-column-gap-default\">\n\t\t\t\t\t<div class=\"elementor-column elementor-col-100 elementor-top-column elementor-element elementor-element-8241828\" data-id=\"8241828\" data-element_type=\"column\" data-e-type=\"column\">\n\t\t\t<div class=\"elementor-widget-wrap elementor-element-populated\">\n\t\t\t\t\t\t<div class=\"elementor-element elementor-element-9fe07d2 elementor-widget elementor-widget-spacer\" data-id=\"9fe07d2\" data-element_type=\"widget\" data-e-type=\"widget\" data-widget_type=\"spacer.default\">\n\t\t\t\t<div class=\"elementor-widget-container\">\n\t\t\t\t\t\t\t<div class=\"elementor-spacer\">\n\t\t\t<div class=\"elementor-spacer-inner\"><\/div>\n\t\t<\/div>\n\t\t\t\t\t\t<\/div>\n\t\t\t\t<\/div>\n\t\t\t\t\t<\/div>\n\t\t<\/div>\n\t\t\t\t\t<\/div>\n\t\t<\/section>\n\t\t\t\t<section class=\"elementor-section elementor-top-section elementor-element elementor-element-b49c468 elementor-section-boxed elementor-section-height-default elementor-section-height-default\" data-id=\"b49c468\" data-element_type=\"section\" data-e-type=\"section\" data-settings=\"{&quot;jet_parallax_layout_list&quot;:[]}\">\n\t\t\t\t\t\t<div class=\"elementor-container elementor-column-gap-default\">\n\t\t\t\t\t<div class=\"elementor-column elementor-col-100 elementor-top-column elementor-element elementor-element-51885f1\" data-id=\"51885f1\" data-element_type=\"column\" data-e-type=\"column\">\n\t\t\t<div class=\"elementor-widget-wrap elementor-element-populated\">\n\t\t\t\t\t\t<div class=\"elementor-element elementor-element-c6dc506 elementor-widget elementor-widget-heading\" data-id=\"c6dc506\" data-element_type=\"widget\" data-e-type=\"widget\" data-widget_type=\"heading.default\">\n\t\t\t\t<div class=\"elementor-widget-container\">\n\t\t\t\t\t<h2 class=\"elementor-heading-title elementor-size-default\">Allgemeine Gesch\u00e4fts&shy;bedingungen<\/h2>\t\t\t\t<\/div>\n\t\t\t\t<\/div>\n\t\t\t\t<div class=\"elementor-element elementor-element-e7bfda8 elementor-widget elementor-widget-text-editor\" data-id=\"e7bfda8\" data-element_type=\"widget\" data-e-type=\"widget\" data-widget_type=\"text-editor.default\">\n\t\t\t\t<div class=\"elementor-widget-container\">\n\t\t\t\t\t\t\t\t\t<p>Diese Allgemeinen Gesch\u00e4ftsbedingungen finden auf alle Vertr\u00e4ge zwischen Dr. Katharina Ludewig und ihrem Team und ihren Auftraggeber*innen Anwendung. Entgegenstehende oder abweichende Gesch\u00e4fts-, Vertrags- und\/oder Einkaufsbedingungen werden nicht anerkannt, es sei denn, Ihrer Geltung wird schriftlich zugestimmt.<\/p><p><b>\u00a7 1 Vertragsgegenstand\/Leistungsumfang<\/b><\/p><p>Sofern nicht ausdr\u00fccklich etwas anderes vereinbart wird, sind die von uns abgeschlossenen Vertr\u00e4ge Dienstvertr\u00e4ge.<br \/>Die Vertragsparteien sind sich dar\u00fcber einig, dass Katharina Ludewig nur die Erbringung von Dienstleistungen schulden, nicht jedoch die Herstellung eines Werks oder die Herbeif\u00fchrung eines bestimmten Erfolges. Die Vertragsparteien sind sich ferner dar\u00fcber einig, dass sich am ausschlie\u00dflich dienstvertraglichen Charakter der Leistungspflicht auch dann nichts \u00e4ndert, wenn sich Katharina Ludewig zur schriftlichen Aufzeichnung der Ergebnisse ihrer Dienstleistung sowie zur Erstellung und \u00dcbergabe entsprechender Berichte, Studien und dergleichen verpflichten. Derartige schriftliche Berichte, Studien, Analysen und dergleichen stellen \u2013 sofern nicht ausdr\u00fccklich etwas anderes vereinbart ist \u2013 insbesondere keine Gutachten dar, sondern geben nur den wesentlichen Inhalt des Ablaufs und des Ergebnisses der Dienstleistungen wieder.<\/p><p>Katharina Ludewig ist berechtigt zur Auftragsausf\u00fchrung Hilfskr\u00e4fte, fachkundige Dritte und andere Erf\u00fcllungsgehilfen heranzuziehen, wobei er dem Auftraggeber stets unmittelbar verpflichtet bleibt. Katharina Ludewig entscheidet nach eigenem Ermessen, welche Mitarbeiter*innen sie einsetzt oder austauscht. Beratungsleistungen in Rechts- und Steuerfragen werden von uns auf Grund der geltenden Bestimmungen weder zugesagt noch erbracht. Diese Leistungen sind vom Auftraggeber selbst bereitzustellen.<\/p><p>Wir erbringen unsere Leistungen auf der Grundlage der uns vom Auftraggeber zur Verf\u00fcgung gestellten Daten und Informationen. Die Gew\u00e4hr f\u00fcr die sachliche Richtigkeit und Vollst\u00e4ndigkeit liegt beim Auftraggeber.<\/p><p><b>\u00a7 2 Leistungs\u00e4nderungen<\/b><\/p><p>Nachtr\u00e4gliche \u00c4nderungen und Erg\u00e4nzungen des Auftrags oder der wesentlichen Arbeitsergebnisse bed\u00fcrfen zu ihrer Wirksamkeit der Schriftform. Protokolle \u00fcber Besprechungen und den Projektsachstand werden dem gerecht, sofern sie von den Bevollm\u00e4chtigten beider Seiten unterzeichnet sind.<\/p><p>Katharina Ludewig ist verpflichtet, nachtr\u00e4gliche, schriftlich geltend gemachte, \u00c4nderungsverlangen des Auftraggebers auszuf\u00fchren, sofern dies ohne zus\u00e4tzliche Kosten oder Terminverschiebungen m\u00f6glich ist. Andernfalls teilt Katharina Ludewig im Zeitraum von 14 Tagen den notwendigen Mehraufwand mit. Best\u00e4tigt der Auftraggeber nicht innerhalb weiterer 14 Tage schriftlich die \u00c4nderung, so gilt das \u00c4nderungsverlangen als aufgehoben.<\/p><p><b>\u00a7 3 Schweigepflicht\/Datenschutz<\/b><\/p><p>Katharina Ludewig und ihr Team sind verpflichtet, auch nach Beendigung des Auftrages \u00fcber alle gesch\u00e4fts- oder auftraggeberbezogenen Tatsachen, die ihnen im Zusammenhang mit der Auftragsausf\u00fchrung bekannt werden, Stillschweigen zu wahren. Ohne schriftliche Einwilligung des Auftraggebers d\u00fcrfen sie sie weder an Dritte weitergeben noch f\u00fcr sich selbst verwerten. Dies gilt auch f\u00fcr schriftliche \u00c4u\u00dferungen, insbesondere auftragsbezogener Berichte oder Empfehlungen.<\/p><p>Katharina Ludewig ist befugt, im Rahmen der Zweckbestimmung des Auftrags die ihnen anvertrauten personenbezogenen Daten unter Beachtung der Datenschutzbestimmungen zu verarbeiten oder durch Dritte verarbeiten zu lassen.<\/p><p><b>\u00a7 4 Verg\u00fctung\/ Zahlungsbedingungen<\/b><\/p><p>Alle genannten Honorarpreise und Festpreisangebote verstehen sich zuz\u00fcglich Reisekosten, Spesen und der gesetzlichen USt. sofern nicht anders vereinbart.<\/p><p>Das Entgelt f\u00fcr die Dienstleistungen von Katharina Ludewig werden als Festpreis (Paket-Preise) oder nach Zeitaufwand berechnet (Zeit-Honorare) schriftlich vereinbart. Bei gr\u00f6\u00dferen Projekten kann bei Auftragsabschluss eine erste Rate von 50 % der gesch\u00e4tzten Auftragssumme verlangt werden.<br \/>Katharina Ludewig ist berechtigt, alle 14 Tage nach Beginn des Vertragsverh\u00e4ltnisses \u00fcber die geleisteten Arbeiten abzurechnen. Das Honorar ist sofort nach Rechnungsstellung f\u00e4llig.<br \/>Ein nach dem Grad des Erfolges oder nur im Erfolgsfall zu zahlendes Honorar ist stets ausgeschlossen. Die bei Auftragserteilung vereinbarten Preise und Honorare gelten f\u00fcr ein Jahr.<br \/>Alle Forderungen werden mit Rechnungsstellung f\u00e4llig und sind sofort ohne Abz\u00fcge zahlbar. Die gesetzliche Umsatzsteuer ist allen Preisangaben hinzuzurechnen und in der Rechnung gesondert ausgewiesen.<\/p><p><b>\u00a7 5 Ausfall und Verhinderung<\/b><\/p><p>Der Auftraggeber kann jederzeit vor Beginn vereinbarter Veranstaltungen (z.B. Beratungs-, Trainings-, Workshop- und Coaching-Tage) von diesen zur\u00fccktreten. Ma\u00dfgeblich ist der Zugang der R\u00fccktrittserkl\u00e4rung. Diese kann schriftlich, m\u00fcndlich, per Telefax oder \u00fcber Online-Dienste erfolgen. Durch den R\u00fccktritt von der Veranstaltung fallen Stornogeb\u00fchren bis zu 100% des Veranstaltungspreises an. Die H\u00f6he der Stornogeb\u00fchr richtet sich danach, wie kurzfristig die Veranstaltung vom Auftraggeber abgesagt wurde. So ergeben sich pauschal die folgenden Stornogeb\u00fchren:<\/p><p>* bis 14 Tage vor Veranstaltungsbeginn keine Stornogeb\u00fchr<br \/>* 48 Stunden vor Veranstaltungsbeginn 50% des Veranstaltungspreises<br \/>* 24 Stunden vor Veranstaltungsbeginn 100% des Veranstaltungspreises<\/p><p><b>\u00a7 6 Haftung<\/b><\/p><p>Unsere Haftung f\u00fcr die ordnungsgem\u00e4\u00dfe Erbringung der Leistungen ist auf die Partnerschaft und auf den jeweiligen Leistungserbringer begrenzt.<\/p><p><b>\u00a7 7 Schutz des geistigen Eigentums von Dr. Katharina Ludewig<\/b><\/p><p>Der Auftraggeber steht daf\u00fcr ein, dass die im Rahmen des Auftrags von Katharina Ludewig gefertigten Konzepte, Texte, Berichte, Organisationspl\u00e4ne, Entw\u00fcrfe, Zeichnungen, und Aufstellungen nur f\u00fcr seine eigenen Zwecke verwandt und nicht ohne ausdr\u00fcckliche Zustimmung im Einzelfall publiziert werden.<\/p><p>Die Nutzung der erbrachten Beratungsleistungen f\u00fcr mit dem Auftraggeber verbundene Unternehmen bedarf einer gesonderten schriftlichen Vereinbarung.<\/p><p>Soweit Arbeitsergebnisse urheberrechtsf\u00e4hig sind, bleibt Katharina Ludewig Urheberin. Der Auftraggeber erh\u00e4lt in diesen F\u00e4llen das nur durch Absatz 1 Satz 1 eingeschr\u00e4nkte, im \u00dcbrigen zeitlich und \u00f6rtlich unbeschr\u00e4nkte, unwiderrufliche, ausschlie\u00dfliche und nicht \u00fcbertragbare Nutzungsrecht an den Arbeitsergebnissen.<\/p><p><b>\u00a7 8 H\u00f6here Gewalt<\/b><\/p><p>Soweit die f\u00fcr das Projekt vorgesehenen Mitarbeiter*innen von Katharina Ludewig ausfallen, ist Katharina Ludewig berechtigt, die Erf\u00fcllung ihrer Verpflichtungen um die Dauer der Verhinderung und um eine angemessene Anlaufzeit hinauszuschieben.<\/p><p>Ereignisse h\u00f6herer Gewalt, die die Leistung wesentlich erschweren oder zeitweilig unm\u00f6glich machen, berechtigen die jeweilige Partei, die Erf\u00fcllung ihrer Leistung um die Dauer der Behinderung und eine angemessene Anlaufzeit hinauszuschieben. Der h\u00f6heren Gewalt stehen Arbeitskampf und \u00e4hnliche Umst\u00e4nde gleich, soweit sie unvorhersehbar, schwerwiegend und unverschuldet sind. Die Parteien teilen sich gegenseitig unverz\u00fcglich den Eintritt solcher Umst\u00e4nde mit.<\/p><p><b>\u00a7 9 Sonstige<\/b><\/p><p>F\u00fcr alle Anspr\u00fcche aus dem Vertrag gilt ausschlie\u00dflich das Recht der Bundesrepublik Deutschland. \u00c4nderungen und Erg\u00e4nzungen dieser Bedingungen bed\u00fcrfen der Schriftform und m\u00fcssen als solche ausdr\u00fccklich gekennzeichnet sein.<\/p><p>Sind oder werden Vorschriften dieser allgemeinen Gesch\u00e4ftsbedingungen ganz oder teilweise unwirksam, so werden die \u00fcbrigen Bestimmungen hierdurch nicht ber\u00fchrt. Die Parteien verpflichten sich, die unwirksamen Vorschriften unverz\u00fcglich durch wirksame zu ersetzen.<\/p><p>Gerichtsstand, soweit zul\u00e4ssig, und Erf\u00fcllungsort ist Bremen.<\/p>\t\t\t\t\t\t\t\t<\/div>\n\t\t\t\t<\/div>\n\t\t\t\t<div class=\"elementor-element elementor-element-1c0ad7f elementor-widget elementor-widget-spacer\" data-id=\"1c0ad7f\" data-element_type=\"widget\" data-e-type=\"widget\" data-widget_type=\"spacer.default\">\n\t\t\t\t<div class=\"elementor-widget-container\">\n\t\t\t\t\t\t\t<div class=\"elementor-spacer\">\n\t\t\t<div class=\"elementor-spacer-inner\"><\/div>\n\t\t<\/div>\n\t\t\t\t\t\t<\/div>\n\t\t\t\t<\/div>\n\t\t\t\t\t<\/div>\n\t\t<\/div>\n\t\t\t\t\t<\/div>\n\t\t<\/section>\n\t\t\t\t<\/div>","protected":false},"excerpt":{"rendered":"<p>Allgemeine Gesch\u00e4fts&shy;bedingungen Diese Allgemeinen Gesch\u00e4ftsbedingungen finden auf alle Vertr\u00e4ge zwischen Dr. Katharina Ludewig und ihrem Team und ihren Auftraggeber*innen Anwendung. Entgegenstehende oder abweichende Gesch\u00e4fts-, Vertrags- und\/oder Einkaufsbedingungen werden nicht anerkannt, es sei denn, Ihrer Geltung wird schriftlich zugestimmt. \u00a7 1 Vertragsgegenstand\/Leistungsumfang Sofern nicht ausdr\u00fccklich etwas anderes vereinbart wird, sind die von uns abgeschlossenen Vertr\u00e4ge Dienstvertr\u00e4ge.Die [&hellip;]<\/p>\n","protected":false},"author":2,"featured_media":0,"parent":0,"menu_order":0,"comment_status":"closed","ping_status":"closed","template":"elementor_header_footer","meta":{"footnotes":""},"class_list":["post-259","page","type-page","status-publish","hentry"],"_links":{"self":[{"href":"https:\/\/www.ludewig.team\/en\/wp-json\/wp\/v2\/pages\/259","targetHints":{"allow":["GET"]}}],"collection":[{"href":"https:\/\/www.ludewig.team\/en\/wp-json\/wp\/v2\/pages"}],"about":[{"href":"https:\/\/www.ludewig.team\/en\/wp-json\/wp\/v2\/types\/page"}],"author":[{"embeddable":true,"href":"https:\/\/www.ludewig.team\/en\/wp-json\/wp\/v2\/users\/2"}],"replies":[{"embeddable":true,"href":"https:\/\/www.ludewig.team\/en\/wp-json\/wp\/v2\/comments?post=259"}],"version-history":[{"count":5,"href":"https:\/\/www.ludewig.team\/en\/wp-json\/wp\/v2\/pages\/259\/revisions"}],"predecessor-version":[{"id":6098,"href":"https:\/\/www.ludewig.team\/en\/wp-json\/wp\/v2\/pages\/259\/revisions\/6098"}],"wp:attachment":[{"href":"https:\/\/www.ludewig.team\/en\/wp-json\/wp\/v2\/media?parent=259"}],"curies":[{"name":"wp","href":"https:\/\/api.w.org\/{rel}","templated":true}]}}